{"id":47,"date":"2023-12-13T21:59:11","date_gmt":"2023-12-13T21:59:11","guid":{"rendered":"https:\/\/test.nes-nes.tn\/?page_id=47"},"modified":"2023-12-13T21:59:11","modified_gmt":"2023-12-13T21:59:11","slug":"quelques-chiffres-utiles","status":"publish","type":"page","link":"https:\/\/test.nes-nes.tn\/?page_id=47","title":{"rendered":"Quelques chiffres utiles"},"content":{"rendered":"\n<h4 class=\"wp-block-heading\"><strong><em>Cadre g\u00e9n\u00e9ral<\/em><\/strong><\/h4>\n\n\n\n<p><br>Dans le cadre de la protection de l\u2019environnement et l&rsquo;am\u00e9lioration de l\u2019esth\u00e9tique des villes et dans le souci de ma\u00eetriser le<br>ph\u00e9nom\u00e8ne d\u2019empi\u00e8tement des terrains nus, des terres agricoles, des carri\u00e8res abandonn\u00e9es et des aires naturelles (sebkhats,<br>for\u00eats, oueds, plages\u2026) en afin d&rsquo;\u00e9viter la cr\u00e9ation des d\u00e9charges anarchiques de tous types des d\u00e9chets (les d\u00e9chets de<br>d\u00e9molition et de construction et des jardins).<br>Malgr\u00e9 l\u2019initiative de certaines communes de r\u00e9aliser des campagnes de propret\u00e9 de temps \u00e0 autre, ces d\u00e9charges ne tardent pas<br>\u00e0 r\u00e9appara\u00eetre et sont devenues des \u2018points noirs\u2019 atteignant \u00e0 l\u2019esth\u00e9tique et l&rsquo;image de la ville.<\/p>\n\n\n\n<p>La prolif\u00e9ration des d\u00e9charges anarchiques est due aux causes suivantes :<br>Accroissement des travaux de construction et de restauration comme d\u00fb \u00e0 l\u2019expansion urbaine continue ;<br>Absence de d\u00e9charges am\u00e9nag\u00e9es et sp\u00e9cifiques pour ces d\u00e9chets en nombre suffisant ;<br>Absence de contr\u00f4le et de suivi minutieux des chantiers de construction ;<br>Ignorance des caract\u00e9ristiques et des impacts n\u00e9gatifs de ces d\u00e9chets sur le milieu.<br><\/p>\n\n\n\n<h4 class=\"wp-block-heading\"><strong><em>Quantit\u00e9s et sources<\/em><\/strong><\/h4>\n\n\n\n<p>Une \u00e9tude pilote sur la gestion des d\u00e9chets de d\u00e9molition et de construction dans les zones du Grand Tunis, Sousse et Sfax a \u00e9t\u00e9 \u00e9labor\u00e9e en2004. Ces zones sont des r\u00e9gions \u00e0 expansion urbaine continue avec ce qui l\u2019accompagne d\u2019accroissement des activit\u00e9s de construction et d\u2019urbanisation.<br>Les quantit\u00e9s de ces d\u00e9chets dans ces zones sont estim\u00e9es comme suit :<br>Grand Tunis : 820000 m3 environ ;<br>Gouvernorat de Sousse : 125000 m3 environ ;<br>Gouvernorat de Sfax : 120000 m3 environ.<\/p>\n\n\n<div class=\"wp-block-image\">\n<figure class=\"aligncenter size-full\"><img loading=\"lazy\" decoding=\"async\" width=\"503\" height=\"258\" src=\"https:\/\/test.nes-nes.tn\/wp-content\/uploads\/2023\/12\/dechets-tunis.png\" alt=\"\" class=\"wp-image-49\" srcset=\"https:\/\/test.nes-nes.tn\/wp-content\/uploads\/2023\/12\/dechets-tunis.png 503w, https:\/\/test.nes-nes.tn\/wp-content\/uploads\/2023\/12\/dechets-tunis-300x154.png 300w\" sizes=\"auto, (max-width: 503px) 100vw, 503px\" \/><\/figure>\n<\/div>\n\n\n<div class=\"wp-block-group\"><div class=\"wp-block-group__inner-container is-layout-constrained wp-block-group-is-layout-constrained\">\n<div class=\"wp-block-group\"><div class=\"wp-block-group__inner-container is-layout-constrained wp-block-group-is-layout-constrained\">\n<p>Les d\u00e9chets de d\u00e9molition et de construction sont g\u00e9n\u00e9r\u00e9s par les chantiers de construction et travaux publics suivants :<br>Habitats neufs (r\u00e9alisation et am\u00e9nagement)<br>R\u00e9habilitation de logements<br>Travaux d\u2019assainissement<br>Activit\u00e9s industrielles<br>Bureaux et autres activit\u00e9s <\/p>\n\n\n\n<p>D\u00e9molition de la m\u00e9dina<br>Travaux de parkings autos<br>Le taux de d\u00e9chets produits par les chantiers de construction de logements neufs est de 45% ; celui des travaux publics (voiries et<br>assainissement) est de 37%.<\/p>\n<\/div><\/div>\n<\/div><\/div>\n\n\n\n<h4 class=\"wp-block-heading\"><strong><em>Gestion actuelle<\/em><\/strong><\/h4>\n\n\n\n<p>Absence de d\u00e9charges municipales am\u00e9nag\u00e9es et r\u00e9serv\u00e9es en nombre suffisants (interm\u00e9diaires ou finaux) ;<br>Les d\u00e9chets de d\u00e9molition et de construction sont le plus souvent d\u00e9vers\u00e9s sans tri pr\u00e9alable des substances dangereuses dans des d\u00e9charges anarchiques (d\u00e9passant les 82%) qui sont g\u00e9n\u00e9ralement des terres agricoles, des terres nues, des carri\u00e8res abandonn\u00e9es, ou aires naturelles comme les sebkhats, les for\u00eats, les oueds et les plages\u2026;<br>Absence de contr\u00f4le et de suivi minutieux des chantiers de construction et absence des entreprises priv\u00e9es de transport ;<br>Manque de ressources vou\u00e9es \u00e0 la gestion de ces d\u00e9chets chez les communes, ce qui fait que leur gestion par celles-ci se contente de quelques campagnes exceptionnelles de propret\u00e9 ou dans le cadre de la journ\u00e9e nationale de propret\u00e9 et de pr\u00e9servation de l\u2019environnement.<br>Ils sont parfois r\u00e9utilis\u00e9s comme remblais pour certaines zones mar\u00e9cageuses dans les rues, ou pour les oueds et les sebkhas sans \u00e9tude pr\u00e9alable des impacts sur l\u2019environnement, surtout s\u2019ils sont rejet\u00e9s dans des zones humides ou \u00e0 haute salinit\u00e9 et contenant des substances dangereuses.<\/p>\n\n\n<div class=\"wp-block-image\">\n<figure class=\"aligncenter size-full\"><img loading=\"lazy\" decoding=\"async\" width=\"423\" height=\"466\" src=\"https:\/\/test.nes-nes.tn\/wp-content\/uploads\/2023\/12\/types-des-decharges.png\" alt=\"\" class=\"wp-image-50\" srcset=\"https:\/\/test.nes-nes.tn\/wp-content\/uploads\/2023\/12\/types-des-decharges.png 423w, https:\/\/test.nes-nes.tn\/wp-content\/uploads\/2023\/12\/types-des-decharges-272x300.png 272w\" sizes=\"auto, (max-width: 423px) 100vw, 423px\" \/><\/figure>\n<\/div>\n\n\n<h4 class=\"wp-block-heading\"><br><strong><em>Syst\u00e8me propos\u00e9<\/em><\/strong><\/h4>\n\n\n\n<p><strong><em>A court terme<\/em><\/strong><br>Collecte et triage des d\u00e9chets inertes, transfert \u00e0 la d\u00e9charge contr\u00f4l\u00e9e des d\u00e9chets m\u00e9nagers en vue de leur utilisation comme mat\u00e9riaux de couverture, ou \u00e0 une d\u00e9charge interm\u00e9diaire ou finale autoris\u00e9e par la commune de la r\u00e9gion.<br><strong><em>A moyen terme<br><\/em><\/strong>R\u00e9alisation de centres de collecte et de tri de ces d\u00e9chets et encouragement du secteur priv\u00e9 \u00e0 leur recyclage et valorisation ;<br>Incitation du Minist\u00e8re de l\u2019Equipement, en particulier, \u00e0 la r\u00e9utilisation des d\u00e9chets recycl\u00e9s dans ses chantiers, et les organismes publics en g\u00e9n\u00e9ral en vue de promouvoir le recyclage de ces d\u00e9chets.<\/p>\n","protected":false},"excerpt":{"rendered":"<p>Cadre g\u00e9n\u00e9ral Dans le cadre de la protection de l\u2019environnement et l&rsquo;am\u00e9lioration de l\u2019esth\u00e9tique des villes et dans le souci de ma\u00eetriser leph\u00e9nom\u00e8ne d\u2019empi\u00e8tement des terrains nus, des terres agricoles, des carri\u00e8res abandonn\u00e9es et des aires naturelles (sebkhats,for\u00eats, oueds, plages\u2026) en afin d&rsquo;\u00e9viter la cr\u00e9ation des d\u00e9charges anarchiques de tous types des d\u00e9chets (les d\u00e9chets &hellip; <\/p>\n<p class=\"link-more\"><a href=\"https:\/\/test.nes-nes.tn\/?page_id=47\" class=\"more-link\">Continuer la lecture<span class=\"screen-reader-text\"> de &laquo;&nbsp;Quelques chiffres utiles&nbsp;&raquo;<\/span><\/a><\/p>\n","protected":false},"author":1,"featured_media":0,"parent":0,"menu_order":0,"comment_status":"closed","ping_status":"closed","template":"","meta":{"footnotes":""},"class_list":["post-47","page","type-page","status-publish","hentry"],"_links":{"self":[{"href":"https:\/\/test.nes-nes.tn\/index.php?rest_route=\/wp\/v2\/pages\/47","targetHints":{"allow":["GET"]}}],"collection":[{"href":"https:\/\/test.nes-nes.tn\/index.php?rest_route=\/wp\/v2\/pages"}],"about":[{"href":"https:\/\/test.nes-nes.tn\/index.php?rest_route=\/wp\/v2\/types\/page"}],"author":[{"embeddable":true,"href":"https:\/\/test.nes-nes.tn\/index.php?rest_route=\/wp\/v2\/users\/1"}],"replies":[{"embeddable":true,"href":"https:\/\/test.nes-nes.tn\/index.php?rest_route=%2Fwp%2Fv2%2Fcomments&post=47"}],"version-history":[{"count":1,"href":"https:\/\/test.nes-nes.tn\/index.php?rest_route=\/wp\/v2\/pages\/47\/revisions"}],"predecessor-version":[{"id":51,"href":"https:\/\/test.nes-nes.tn\/index.php?rest_route=\/wp\/v2\/pages\/47\/revisions\/51"}],"wp:attachment":[{"href":"https:\/\/test.nes-nes.tn\/index.php?rest_route=%2Fwp%2Fv2%2Fmedia&parent=47"}],"curies":[{"name":"wp","href":"https:\/\/api.w.org\/{rel}","templated":true}]}}