{"id":35,"date":"2023-12-13T22:00:33","date_gmt":"2023-12-13T22:00:33","guid":{"rendered":"https:\/\/test.nes-nes.tn\/?page_id=35"},"modified":"2023-12-13T23:55:38","modified_gmt":"2023-12-13T23:55:38","slug":"concept-du-projet","status":"publish","type":"page","link":"https:\/\/test.nes-nes.tn\/?page_id=35","title":{"rendered":"Concept du projet"},"content":{"rendered":"\n<p>&nbsp;<\/p>\n\n\n\n<p>Le projet VALDEC se consacre \u00e0 la valorisation des d\u00e9chets de construction.<\/p>\n\n\n\n<div class=\"wp-block-columns is-layout-flex wp-container-core-columns-is-layout-9d6595d7 wp-block-columns-is-layout-flex\">\n<div class=\"wp-block-column is-layout-flow wp-block-column-is-layout-flow\">\n<p><img decoding=\"async\" width=\"304px;\" height=\"208px;\" src=\"https:\/\/lh7-us.googleusercontent.com\/qR5ld22Gy4s0sjfpwinHDejlWRlWWIuyEWSb7xOJUW86553tdaimAhq3M4jyLINJlTRbXMkNqJOTEiW99ilMWoKCkP6iAP3TT-Kr4VKUMYn16lSRyuE79QjYqgPy9sQDW2IW0pN9s0r1FiLiio7T0Q=s2048\"><\/p>\n<\/div>\n\n\n\n<div class=\"wp-block-column is-layout-flow wp-block-column-is-layout-flow\">\n<p><img decoding=\"async\" width=\"312px;\" height=\"208px;\" src=\"https:\/\/lh7-us.googleusercontent.com\/PhEz4Vpece7wvhPMkp-xwWdYPj2oAnk43Hx4mAiYXKKwkWx8z0YJPoquYnxjwrbkL84LnGI2QoCdG25DPVBzH5M0FYZ0rfriDjVEVu5p8uWnA4uI84vIXBQ_psn_2Vodte-Ai9oJ37v7JVv7KOCz1A=s2048\"><\/p>\n<\/div>\n<\/div>\n\n\n\n<p>Collecter les d\u00e9chets de construction, les concasser, les trier pour en sortir des congrulats, des granulats et de la poussi\u00e8re de b\u00e9ton destin\u00e9s \u00e0 la construction de chauss\u00e9es.<\/p>\n\n\n<div class=\"wp-block-image\">\n<figure class=\"aligncenter size-full\"><img loading=\"lazy\" decoding=\"async\" width=\"389\" height=\"350\" src=\"https:\/\/test.nes-nes.tn\/wp-content\/uploads\/2023\/12\/SWOT.png\" alt=\"\" class=\"wp-image-42\" srcset=\"https:\/\/test.nes-nes.tn\/wp-content\/uploads\/2023\/12\/SWOT.png 389w, https:\/\/test.nes-nes.tn\/wp-content\/uploads\/2023\/12\/SWOT-300x270.png 300w\" sizes=\"auto, (max-width: 389px) 100vw, 389px\" \/><\/figure>\n<\/div>\n\n\n<div class=\"wp-block-columns is-layout-flex wp-container-core-columns-is-layout-9d6595d7 wp-block-columns-is-layout-flex\">\n<div class=\"wp-block-column is-layout-flow wp-block-column-is-layout-flow\">\n<p><img decoding=\"async\" width=\"225px;\" height=\"225px;\" src=\"https:\/\/lh7-us.googleusercontent.com\/ywYYawvOAu-9ljtBXRfG59H6X8aFKPGw3b1QDSTRrb0g4Km5G81v9KtTl0B38BdCJ4hzpLWuJwsvrp85Lyi_odhA-gzp4H4cBYcCK3_7fNbxgRB7Wody7fYFLMOs1yO_HXpJ0D89iWrj80sj4-fhDg=s2048\"><\/p>\n<\/div>\n\n\n\n<div class=\"wp-block-column is-vertically-aligned-center is-layout-flow wp-block-column-is-layout-flow\">\n<h3 class=\"wp-block-heading\"><strong><em>Le pouvoir de n\u00e9gociation des\u00a0 clients<\/em><\/strong><\/h3>\n<\/div>\n<\/div>\n\n\n\n<p>Notre produit est destin\u00e9 \u00e0 la construction&nbsp; de chauss\u00e9es, nos clients indirects sont les deux organismes qui construisent la chauss\u00e9e \u00e0 savoir le minist\u00e8re de l\u2019\u00e9quipement et les municipalit\u00e9s&nbsp; qui sous-traitent&nbsp; chez des entrepreneurs. Ces derniers doivent r\u00e9pondre \u00e0 des cahiers de charges qui imposent entre autres les caract\u00e9ristiques des mat\u00e9riaux \u00e0 utiliser.<\/p>\n\n\n\n<p>&nbsp;Le passage oblig\u00e9&nbsp; de notre produit est d\u2019\u00eatre soumis \u00e0 l\u2019aval de la CETEC Centre d\u2019Essais et des Techniques de la Construction, la CETEC r\u00e9dige les cahiers de charge.&nbsp;<\/p>\n\n\n\n<p>Notre nouveau produit recycl\u00e9 doit \u00eatre&nbsp; valid\u00e9 par la CETEC et introduit aux cahiers de charges comme \u00e9tant un produit utilisable<\/p>\n\n\n<div class=\"wp-block-image\">\n<figure class=\"aligncenter size-full\"><a href=\"https:\/\/www.cetec.tn\/\"><img loading=\"lazy\" decoding=\"async\" width=\"100\" height=\"100\" src=\"https:\/\/test.nes-nes.tn\/wp-content\/uploads\/2023\/12\/image.png\" alt=\"\" class=\"wp-image-43\"\/><\/a><\/figure>\n<\/div>\n\n\n<div class=\"wp-block-columns is-layout-flex wp-container-core-columns-is-layout-9d6595d7 wp-block-columns-is-layout-flex\">\n<div class=\"wp-block-column is-layout-flow wp-block-column-is-layout-flow\">\n<p><img decoding=\"async\" width=\"225px;\" height=\"225px;\" src=\"https:\/\/lh7-us.googleusercontent.com\/ywYYawvOAu-9ljtBXRfG59H6X8aFKPGw3b1QDSTRrb0g4Km5G81v9KtTl0B38BdCJ4hzpLWuJwsvrp85Lyi_odhA-gzp4H4cBYcCK3_7fNbxgRB7Wody7fYFLMOs1yO_HXpJ0D89iWrj80sj4-fhDg=s2048\"><\/p>\n<\/div>\n\n\n\n<div class=\"wp-block-column is-vertically-aligned-center is-layout-flow wp-block-column-is-layout-flow\">\n<h3 class=\"wp-block-heading\"><strong><em>Le pouvoir de n\u00e9gociation des\u00a0 <strong><em>fournisseurs<\/em><\/strong><\/em><\/strong><\/h3>\n<\/div>\n<\/div>\n\n\n\n<p>La mati\u00e8re premi\u00e8re \u00e9tant recueillie&nbsp; gratuitement dans la nature, nous n\u2019avons pas de fournisseurs proprement dit.<\/p>\n\n\n\n<p>On&nbsp; peut aussi envisager de se mettre en accord avec des collecteurs de d\u00e9chets de construction qui existent&nbsp;<\/p>\n\n\n\n<p>Que la provenance soit une collecte faite par nos propres moyens ou fournie par une \u00e9quipe externe, le co\u00fbt ne doit pas d\u00e9passer celui du transport des d\u00e9chets vers l\u2019usine.<\/p>\n\n\n\n<div class=\"wp-block-columns is-layout-flex wp-container-core-columns-is-layout-9d6595d7 wp-block-columns-is-layout-flex\">\n<div class=\"wp-block-column is-layout-flow wp-block-column-is-layout-flow\">\n<p><img decoding=\"async\" width=\"225px;\" height=\"225px;\" src=\"https:\/\/lh7-us.googleusercontent.com\/ywYYawvOAu-9ljtBXRfG59H6X8aFKPGw3b1QDSTRrb0g4Km5G81v9KtTl0B38BdCJ4hzpLWuJwsvrp85Lyi_odhA-gzp4H4cBYcCK3_7fNbxgRB7Wody7fYFLMOs1yO_HXpJ0D89iWrj80sj4-fhDg=s2048\"><\/p>\n<\/div>\n\n\n\n<div class=\"wp-block-column is-vertically-aligned-center is-layout-flow wp-block-column-is-layout-flow\">\n<h3 class=\"wp-block-heading\"><strong><em> <strong>\u00a0<em>La menace des produits ou services de substitution<\/em><\/strong> <\/em><\/strong><\/h3>\n<\/div>\n<\/div>\n\n\n\n<p>Les produits de substitution sont les produits de carri\u00e8res: des produits naturels et d\u00e9j\u00e0 approuv\u00e9s. Il faut pour les devancer, miser sur un prix comp\u00e9titif.<\/p>\n\n\n\n<p>Le minist\u00e8re de l\u2019\u00e9quipement pr\u00e9voit pour cette seule ann\u00e9e de restaurer le reseau routier de 10 gouvernorats a travers tout le pays et la constructions de nouvelles routes dans le centre ouest de la Tunisie.<\/p>\n\n\n\n<p>\u00a0L\u2019importance de la demande\u00a0 est telle que la menace des produits de substitution n est pas tr\u00e8s grande.<\/p>\n\n\n\n<div class=\"wp-block-columns is-layout-flex wp-container-core-columns-is-layout-9d6595d7 wp-block-columns-is-layout-flex\">\n<div class=\"wp-block-column is-layout-flow wp-block-column-is-layout-flow\">\n<p><img decoding=\"async\" width=\"225px;\" height=\"225px;\" src=\"https:\/\/lh7-us.googleusercontent.com\/ywYYawvOAu-9ljtBXRfG59H6X8aFKPGw3b1QDSTRrb0g4Km5G81v9KtTl0B38BdCJ4hzpLWuJwsvrp85Lyi_odhA-gzp4H4cBYcCK3_7fNbxgRB7Wody7fYFLMOs1yO_HXpJ0D89iWrj80sj4-fhDg=s2048\"><\/p>\n<\/div>\n\n\n\n<div class=\"wp-block-column is-vertically-aligned-center is-layout-flow wp-block-column-is-layout-flow\">\n<h3 class=\"wp-block-heading\"><strong><em><strong><em>Menace des nouveaux Entrants Potentiels<\/em><\/strong>\u00a0\u00a0\u00a0<\/em><\/strong><\/h3>\n<\/div>\n<\/div>\n\n\n\n<p>Il est ind\u00e9niable qu\u2019arriver sur un march\u00e9&nbsp; vierge de toute activit\u00e9 similaire est une opportunit\u00e9. Ceci dit de nouveaux arrivants peuvent choisir d\u2019entreprendre le m\u00eame&nbsp; projet .&nbsp;<\/p>\n\n\n\n<p>Mais le co\u00fbt de\u00a0 l\u2019investissement\u00a0 peut aussi d\u00e9courager ou retarder cette arriv\u00e9e.\u00a0<\/p>\n\n\n\n<div class=\"wp-block-columns is-layout-flex wp-container-core-columns-is-layout-9d6595d7 wp-block-columns-is-layout-flex\">\n<div class=\"wp-block-column is-layout-flow wp-block-column-is-layout-flow\">\n<p><img decoding=\"async\" width=\"225px;\" height=\"225px;\" src=\"https:\/\/lh7-us.googleusercontent.com\/ywYYawvOAu-9ljtBXRfG59H6X8aFKPGw3b1QDSTRrb0g4Km5G81v9KtTl0B38BdCJ4hzpLWuJwsvrp85Lyi_odhA-gzp4H4cBYcCK3_7fNbxgRB7Wody7fYFLMOs1yO_HXpJ0D89iWrj80sj4-fhDg=s2048\"><\/p>\n<\/div>\n\n\n\n<div class=\"wp-block-column is-vertically-aligned-center is-layout-flow wp-block-column-is-layout-flow\">\n<h3 class=\"wp-block-heading\"><strong><em><strong><em>L\u2019intensit\u00e9 de rivalit\u00e9\u00a0<\/em><\/strong><\/em><\/strong><\/h3>\n<\/div>\n<\/div>\n\n\n\n<p>Mes concurrents directs, les carri\u00e8res, ne font pas la valorisation de d\u00e9chets de construction mais ils proposent des produits naturels&nbsp; r\u00e9pondant aux cahiers de charges actuels.<\/p>\n\n\n\n<p>Un projet comme le mien ne peut se montrer mena\u00e7ant vu que la demande reste importante par rapport \u00e0 l\u2019offre.<\/p>\n\n\n\n<div class=\"wp-block-columns is-layout-flex wp-container-core-columns-is-layout-9d6595d7 wp-block-columns-is-layout-flex\">\n<div class=\"wp-block-column is-layout-flow wp-block-column-is-layout-flow\">\n<p><img decoding=\"async\" width=\"225px;\" height=\"225px;\" src=\"https:\/\/lh7-us.googleusercontent.com\/ywYYawvOAu-9ljtBXRfG59H6X8aFKPGw3b1QDSTRrb0g4Km5G81v9KtTl0B38BdCJ4hzpLWuJwsvrp85Lyi_odhA-gzp4H4cBYcCK3_7fNbxgRB7Wody7fYFLMOs1yO_HXpJ0D89iWrj80sj4-fhDg=s2048\"><\/p>\n<\/div>\n\n\n\n<div class=\"wp-block-column is-vertically-aligned-center is-layout-flow wp-block-column-is-layout-flow\">\n<h3 class=\"wp-block-heading\"><strong><em><strong><em>Les encouragements\u00a0 des pouvoirs publics<\/em><\/strong><\/em><\/strong><\/h3>\n<\/div>\n<\/div>\n\n\n\n<p>Ce projet\u00a0 \u00e9tant\u00a0 un projet \u00e9cologique, fait partie\u00a0 des projets qui sont encourag\u00e9s\u00a0 par\u00a0 l\u2019 \u00e9tat\u00a0 et plus pr\u00e9cis\u00e9ment le minist\u00e8re de l\u2019environnement\u00a0qui a cr\u00e9\u00e9 une structure sp\u00e9cifique pour les projets de\u00a0traitement des d\u00e9chets, cette structure facilite la mise\u00a0en place de tels projets et leur donne des avantages\u00a0financiers.<\/p>\n\n\n\n<p class=\"has-text-align-center\"><a href=\"http:\/\/www.anged.nat.tn\/\"><img decoding=\"async\" src=\"https:\/\/lh7-us.googleusercontent.com\/p4RRZRUfsmPzkUJlPlyauFPzhEKj52wtqASD7xHKT2tjRhGVlV_OAiRjeMyeVd7KridHlEmWO-W1QUUXqN8Zu-Sahw7BKmAgCnSYjV4zkTM1qsVbpXnUzfsov01znqNVb1VlyGtqjkc9U8uxnqwr2A=s2048\" style=\"\"><\/a><\/p>\n\n\n\n<div class=\"wp-block-columns is-layout-flex wp-container-core-columns-is-layout-9d6595d7 wp-block-columns-is-layout-flex\">\n<div class=\"wp-block-column is-layout-flow wp-block-column-is-layout-flow\">\n<p><img decoding=\"async\" width=\"225px;\" height=\"225px;\" src=\"https:\/\/lh7-us.googleusercontent.com\/ywYYawvOAu-9ljtBXRfG59H6X8aFKPGw3b1QDSTRrb0g4Km5G81v9KtTl0B38BdCJ4hzpLWuJwsvrp85Lyi_odhA-gzp4H4cBYcCK3_7fNbxgRB7Wody7fYFLMOs1yO_HXpJ0D89iWrj80sj4-fhDg=s2048\"><\/p>\n<\/div>\n\n\n\n<div class=\"wp-block-column is-vertically-aligned-center is-layout-flow wp-block-column-is-layout-flow\">\n<h3 class=\"wp-block-heading\"><strong><em><strong><em>Avantage concurrentiel<\/em><\/strong><\/em><\/strong><\/h3>\n<\/div>\n<\/div>\n\n\n\n<p>Profitant d\u2019une mati\u00e8re premi\u00e8re abondante et gratuite, il faut miser sur un prix plus attractif que chez nos concurrents.<\/p>\n\n\n\n<p>Pour cela il faut chercher \u00e0 limiter le co\u00fbt de revient du produit en optimisant le concept d\u2019usinage et en cherchant \u00e0 toujours faire \u00e9voluer le processus technique en suivant les derni\u00e8res \u00e9tudes et tendances ailleurs.<\/p>\n\n\n\n<div class=\"wp-block-columns is-layout-flex wp-container-core-columns-is-layout-9d6595d7 wp-block-columns-is-layout-flex\">\n<div class=\"wp-block-column is-layout-flow wp-block-column-is-layout-flow\">\n<p><img decoding=\"async\" width=\"225px;\" height=\"225px;\" src=\"https:\/\/lh7-us.googleusercontent.com\/ywYYawvOAu-9ljtBXRfG59H6X8aFKPGw3b1QDSTRrb0g4Km5G81v9KtTl0B38BdCJ4hzpLWuJwsvrp85Lyi_odhA-gzp4H4cBYcCK3_7fNbxgRB7Wody7fYFLMOs1yO_HXpJ0D89iWrj80sj4-fhDg=s2048\"><\/p>\n<\/div>\n\n\n\n<div class=\"wp-block-column is-vertically-aligned-center is-layout-flow wp-block-column-is-layout-flow\">\n<h3 class=\"wp-block-heading\"><strong><em><strong><em>Matrice de SWOT<\/em><\/strong><\/em><\/strong><\/h3>\n<\/div>\n<\/div>\n\n\n<div class=\"wp-block-image\">\n<figure class=\"aligncenter size-full\"><img loading=\"lazy\" decoding=\"async\" width=\"395\" height=\"371\" src=\"https:\/\/test.nes-nes.tn\/wp-content\/uploads\/2023\/12\/SWOT-2-1.png\" alt=\"\" class=\"wp-image-45\" srcset=\"https:\/\/test.nes-nes.tn\/wp-content\/uploads\/2023\/12\/SWOT-2-1.png 395w, https:\/\/test.nes-nes.tn\/wp-content\/uploads\/2023\/12\/SWOT-2-1-300x282.png 300w\" sizes=\"auto, (max-width: 395px) 100vw, 395px\" \/><\/figure>\n<\/div>\n\n\n<div class=\"wp-block-columns is-layout-flex wp-container-core-columns-is-layout-9d6595d7 wp-block-columns-is-layout-flex\">\n<div class=\"wp-block-column is-layout-flow wp-block-column-is-layout-flow\">\n<p><img decoding=\"async\" width=\"225px;\" height=\"225px;\" src=\"https:\/\/lh7-us.googleusercontent.com\/ywYYawvOAu-9ljtBXRfG59H6X8aFKPGw3b1QDSTRrb0g4Km5G81v9KtTl0B38BdCJ4hzpLWuJwsvrp85Lyi_odhA-gzp4H4cBYcCK3_7fNbxgRB7Wody7fYFLMOs1yO_HXpJ0D89iWrj80sj4-fhDg=s2048\"><\/p>\n<\/div>\n\n\n\n<div class=\"wp-block-column is-vertically-aligned-center is-layout-flow wp-block-column-is-layout-flow\">\n<h3 class=\"wp-block-heading\"><strong><em><strong><em>Conclusion<\/em><\/strong><\/em><\/strong><\/h3>\n<\/div>\n<\/div>\n\n\n\n<p>Nous constatons que nous sommes&nbsp; les premiers venus dans l\u2019activit\u00e9 de recyclage de d\u00e9chets inertes, ceci dit il faut chercher \u00e0 rendre effectif le partenariat avec le Minist\u00e8re de l\u2019Environnement et \u00e0 avoir leur appui pour faire \u00e9voluer les cahiers de charges en faisant valider nos produits par la CETEC.<\/p>\n","protected":false},"excerpt":{"rendered":"<p>&nbsp; Le projet VALDEC se consacre \u00e0 la valorisation des d\u00e9chets de construction. Collecter les d\u00e9chets de construction, les concasser, les trier pour en sortir des congrulats, des granulats et de la poussi\u00e8re de b\u00e9ton destin\u00e9s \u00e0 la construction de chauss\u00e9es. Le pouvoir de n\u00e9gociation des\u00a0 clients Notre produit est destin\u00e9 \u00e0 la construction&nbsp; de &hellip; <\/p>\n<p class=\"link-more\"><a href=\"https:\/\/test.nes-nes.tn\/?page_id=35\" class=\"more-link\">Continuer la lecture<span class=\"screen-reader-text\"> de &laquo;&nbsp;Concept du projet&nbsp;&raquo;<\/span><\/a><\/p>\n","protected":false},"author":1,"featured_media":0,"parent":0,"menu_order":0,"comment_status":"closed","ping_status":"closed","template":"","meta":{"footnotes":""},"class_list":["post-35","page","type-page","status-publish","hentry"],"_links":{"self":[{"href":"https:\/\/test.nes-nes.tn\/index.php?rest_route=\/wp\/v2\/pages\/35","targetHints":{"allow":["GET"]}}],"collection":[{"href":"https:\/\/test.nes-nes.tn\/index.php?rest_route=\/wp\/v2\/pages"}],"about":[{"href":"https:\/\/test.nes-nes.tn\/index.php?rest_route=\/wp\/v2\/types\/page"}],"author":[{"embeddable":true,"href":"https:\/\/test.nes-nes.tn\/index.php?rest_route=\/wp\/v2\/users\/1"}],"replies":[{"embeddable":true,"href":"https:\/\/test.nes-nes.tn\/index.php?rest_route=%2Fwp%2Fv2%2Fcomments&post=35"}],"version-history":[{"count":3,"href":"https:\/\/test.nes-nes.tn\/index.php?rest_route=\/wp\/v2\/pages\/35\/revisions"}],"predecessor-version":[{"id":86,"href":"https:\/\/test.nes-nes.tn\/index.php?rest_route=\/wp\/v2\/pages\/35\/revisions\/86"}],"wp:attachment":[{"href":"https:\/\/test.nes-nes.tn\/index.php?rest_route=%2Fwp%2Fv2%2Fmedia&parent=35"}],"curies":[{"name":"wp","href":"https:\/\/api.w.org\/{rel}","templated":true}]}}